{"id":52,"date":"2016-05-10T12:58:54","date_gmt":"2016-05-10T10:58:54","guid":{"rendered":"http:\/\/arend.vergetest.nl\/?page_id=52"},"modified":"2019-12-22T17:21:40","modified_gmt":"2019-12-22T16:21:40","slug":"gastenboek-minicamping-zeeland","status":"publish","type":"page","link":"https:\/\/www.nieuwarendsrust.nl\/de\/gastenboek-minicamping-zeeland\/","title":{"rendered":"G\u00e4stebuch"},"content":{"rendered":"<p>F\u00fcllen Sie die folgenden Informationen aus um eine Nachricht im G\u00e4stebuch zu schreiben.<\/p>","protected":false},"excerpt":{"rendered":"<p>F\u00fcllen Sie die folgenden Informationen aus um eine Nachricht im G\u00e4stebuch zu schreiben.<\/p>\n","protected":false},"author":1,"featured_media":0,"parent":0,"menu_order":0,"comment_status":"open","ping_status":"open","template":"","meta":{"footnotes":""},"class_list":["post-52","page","type-page","status-publish","hentry"],"yoast_head":"<!-- This site is optimized with the Yoast SEO plugin v27.3 - https:\/\/yoast.com\/product\/yoast-seo-wordpress\/ -->\n<title>G\u00e4stebuch &#8212; Nieuw Arendsrust<\/title>\n<meta name=\"description\" content=\"Ben jij ook opzoek naar een rustige camping bij de Zeeuwse kust? Reseveer nu je eigen, ruime kampeerplaats bij Nieuw Arendsrust! Een groene, gezellige, boerencamping voor iedereen.\" \/>\n<meta name=\"robots\" content=\"index, follow, max-snippet:-1, max-image-preview:large, max-video-preview:-1\" \/>\n<link rel=\"canonical\" href=\"https:\/\/www.nieuwarendsrust.nl\/gastenboek-minicamping-zeeland\/\" \/>\n<meta property=\"og:locale\" content=\"de_DE\" \/>\n<meta property=\"og:type\" content=\"article\" \/>\n<meta property=\"og:title\" content=\"G\u00e4stebuch &#8212; Nieuw Arendsrust\" \/>\n<meta property=\"og:description\" content=\"Ben jij ook opzoek naar een rustige camping bij de Zeeuwse kust? Reseveer nu je eigen, ruime kampeerplaats bij Nieuw Arendsrust! Een groene, gezellige, boerencamping voor iedereen.\" \/>\n<meta property=\"og:url\" content=\"https:\/\/www.nieuwarendsrust.nl\/gastenboek-minicamping-zeeland\/\" \/>\n<meta property=\"og:site_name\" content=\"Nieuw Arendsrust\" \/>\n<meta property=\"article:publisher\" content=\"https:\/\/www.facebook.com\/minicampingNieuwArendsrust\" \/>\n<meta property=\"article:modified_time\" content=\"2019-12-22T16:21:40+00:00\" \/>\n<meta name=\"twitter:card\" content=\"summary_large_image\" \/>\n<meta name=\"twitter:label1\" content=\"Gesch\u00e4tzte Lesezeit\" \/>\n\t<meta name=\"twitter:data1\" content=\"3\u00a0Minuten\" \/>\n<!-- \/ Yoast SEO plugin. -->","yoast_head_json":{"title":"G\u00e4stebuch &#8212; Nieuw Arendsrust","description":"Ben jij ook opzoek naar een rustige camping bij de Zeeuwse kust? Reseveer nu je eigen, ruime kampeerplaats bij Nieuw Arendsrust! Een groene, gezellige, boerencamping voor iedereen.","robots":{"index":"index","follow":"follow","max-snippet":"max-snippet:-1","max-image-preview":"max-image-preview:large","max-video-preview":"max-video-preview:-1"},"canonical":"https:\/\/www.nieuwarendsrust.nl\/gastenboek-minicamping-zeeland\/","og_locale":"de_DE","og_type":"article","og_title":"G\u00e4stebuch &#8212; Nieuw Arendsrust","og_description":"Ben jij ook opzoek naar een rustige camping bij de Zeeuwse kust? Reseveer nu je eigen, ruime kampeerplaats bij Nieuw Arendsrust! Een groene, gezellige, boerencamping voor iedereen.","og_url":"https:\/\/www.nieuwarendsrust.nl\/gastenboek-minicamping-zeeland\/","og_site_name":"Nieuw Arendsrust","article_publisher":"https:\/\/www.facebook.com\/minicampingNieuwArendsrust","article_modified_time":"2019-12-22T16:21:40+00:00","twitter_card":"summary_large_image","twitter_misc":{"Gesch\u00e4tzte Lesezeit":"3\u00a0Minuten"},"schema":{"@context":"https:\/\/schema.org","@graph":[{"@type":"WebPage","@id":"https:\/\/www.nieuwarendsrust.nl\/gastenboek-minicamping-zeeland\/","url":"https:\/\/www.nieuwarendsrust.nl\/gastenboek-minicamping-zeeland\/","name":"G\u00e4stebuch &#8212; Nieuw Arendsrust","isPartOf":{"@id":"https:\/\/www.nieuwarendsrust.nl\/#website"},"datePublished":"2016-05-10T10:58:54+00:00","dateModified":"2019-12-22T16:21:40+00:00","description":"Ben jij ook opzoek naar een rustige camping bij de Zeeuwse kust? Reseveer nu je eigen, ruime kampeerplaats bij Nieuw Arendsrust! Een groene, gezellige, boerencamping voor iedereen.","breadcrumb":{"@id":"https:\/\/www.nieuwarendsrust.nl\/gastenboek-minicamping-zeeland\/#breadcrumb"},"inLanguage":"de","potentialAction":[{"@type":"ReadAction","target":["https:\/\/www.nieuwarendsrust.nl\/gastenboek-minicamping-zeeland\/"]}]},{"@type":"BreadcrumbList","@id":"https:\/\/www.nieuwarendsrust.nl\/gastenboek-minicamping-zeeland\/#breadcrumb","itemListElement":[{"@type":"ListItem","position":1,"name":"Home","item":"https:\/\/www.nieuwarendsrust.nl\/"},{"@type":"ListItem","position":2,"name":"Gastenboek"}]},{"@type":"WebSite","@id":"https:\/\/www.nieuwarendsrust.nl\/#website","url":"https:\/\/www.nieuwarendsrust.nl\/","name":"Nieuw Arendsrust","description":"Mini-Camping &amp; Klussenbedrijf in Vrouwenpolder!","potentialAction":[{"@type":"SearchAction","target":{"@type":"EntryPoint","urlTemplate":"https:\/\/www.nieuwarendsrust.nl\/?s={search_term_string}"},"query-input":{"@type":"PropertyValueSpecification","valueRequired":true,"valueName":"search_term_string"}}],"inLanguage":"de"}]}},"_links":{"self":[{"href":"https:\/\/www.nieuwarendsrust.nl\/de\/wp-json\/wp\/v2\/pages\/52","targetHints":{"allow":["GET"]}}],"collection":[{"href":"https:\/\/www.nieuwarendsrust.nl\/de\/wp-json\/wp\/v2\/pages"}],"about":[{"href":"https:\/\/www.nieuwarendsrust.nl\/de\/wp-json\/wp\/v2\/types\/page"}],"author":[{"embeddable":true,"href":"https:\/\/www.nieuwarendsrust.nl\/de\/wp-json\/wp\/v2\/users\/1"}],"replies":[{"embeddable":true,"href":"https:\/\/www.nieuwarendsrust.nl\/de\/wp-json\/wp\/v2\/comments?post=52"}],"version-history":[{"count":5,"href":"https:\/\/www.nieuwarendsrust.nl\/de\/wp-json\/wp\/v2\/pages\/52\/revisions"}],"predecessor-version":[{"id":385,"href":"https:\/\/www.nieuwarendsrust.nl\/de\/wp-json\/wp\/v2\/pages\/52\/revisions\/385"}],"wp:attachment":[{"href":"https:\/\/www.nieuwarendsrust.nl\/de\/wp-json\/wp\/v2\/media?parent=52"}],"curies":[{"name":"wp","href":"https:\/\/api.w.org\/{rel}","templated":true}]}}