{"id":36,"date":"2016-05-10T11:52:01","date_gmt":"2016-05-10T09:52:01","guid":{"rendered":"http:\/\/arend.vergetest.nl\/?page_id=36"},"modified":"2025-12-07T10:49:30","modified_gmt":"2025-12-07T09:49:30","slug":"vrouwenpolder","status":"publish","type":"page","link":"https:\/\/www.nieuwarendsrust.nl\/de\/vrouwenpolder\/","title":{"rendered":"Allroundbetrieb"},"content":{"rendered":"<p><strong>Hecken schneiden mit dem Minikran<\/strong><br \/>\nSie haben eine gro\u00dfe, hohe oder lange Hecke oder die \u00c4ste der Nachbarn stehen \u00fcber? Wir k\u00f6nnen die Seitenkanten Ihrer Hecke mit dem Herder Heckenschneider problemlos bearbeiten. Die Seiten der Hecken k\u00f6nnen bis zu einer H\u00f6he von 3 \u00bd Metern geschnitten werden. Falls die Hecke nicht zu hoch und breit ist, kann auch der obere Teil geschnitten werden.<\/p>\n<p><strong>Holzabf\u00e4lle zerkleinern<\/strong><br \/>\nWir zerkleinern Ihre Holzabf\u00e4lle mit einem Durchmesser bis zu 23 cm. Sie m\u00fcssen einen Baum f\u00e4llen oder \u00c4ste entfernen! Auch das k\u00f6nnen wir f\u00fcr Sie erledigen.<\/p>\n<p><strong>Minikran und Raupen- Schubkarre<\/strong><br \/>\nF\u00fcr viele Grabarbeiten ist der Minikran in Kombination mit der Raupen-Schubkarre die perfekte L\u00f6sung.<\/p>\n<p><strong>Schwei\u00df- und Konstruktionsarbeiten<\/strong><br \/>\nWir f\u00fchren Schwei\u00df &#8211; und Konstruktionsarbeiten aus. Das Reparieren und modifizieren von Metallkonstruktionen oder Arbeitsfahrzeugen geh\u00f6rt auch zu unserem Arbeitsbereich.<\/p>\n<p><strong>Vermietung von Rollger\u00fcste<\/strong><br \/>\nWir vermieten Aluminium Rollger\u00fcste (135 x 245 cm, H\u00f6he 6 \u00bd Meter)<\/p>\n<p><strong>Mutiert Ihr Garten zum Urwald?<\/strong><br \/>\nDas ist eine Aufgabe f\u00fcr Nieuw Arendsrust. Sie werden Ihren Garten nicht wieder erkennen!<\/p>","protected":false},"excerpt":{"rendered":"<p>Hecken schneiden mit dem Minikran Sie haben eine gro\u00dfe, hohe oder lange Hecke oder die \u00c4ste der Nachbarn stehen \u00fcber? Wir k\u00f6nnen die Seitenkanten Ihrer Hecke mit dem Herder Heckenschneider problemlos bearbeiten. Die Seiten der Hecken k\u00f6nnen bis zu einer H\u00f6he von 3 \u00bd Metern geschnitten werden. Falls die Hecke nicht zu hoch und breit<br \/><a class=\"moretag\" href=\"https:\/\/www.nieuwarendsrust.nl\/de\/vrouwenpolder\/\">+ Lesen Sie mehr<\/a><\/p>\n","protected":false},"author":1,"featured_media":0,"parent":0,"menu_order":0,"comment_status":"closed","ping_status":"closed","template":"","meta":{"footnotes":""},"class_list":["post-36","page","type-page","status-publish","hentry"],"yoast_head":"<!-- This site is optimized with the Yoast SEO plugin v27.3 - https:\/\/yoast.com\/product\/yoast-seo-wordpress\/ -->\n<title>(Nederlands) Mini-camping Nieuw Arendsrust Vrouwenpolder (Walcheren)<\/title>\n<meta name=\"description\" content=\"(Nederlands) Op zoek naar een rustige, groene en ruime camping op Walcheren? Kom naar Nieuw Arendsrust! Gelegen in Zeeland vlakbij het Veerse Meer\" \/>\n<meta name=\"robots\" content=\"index, follow, max-snippet:-1, max-image-preview:large, max-video-preview:-1\" \/>\n<link rel=\"canonical\" href=\"https:\/\/www.nieuwarendsrust.nl\/vrouwenpolder\/\" \/>\n<meta property=\"og:locale\" content=\"de_DE\" \/>\n<meta property=\"og:type\" content=\"article\" \/>\n<meta property=\"og:title\" content=\"[:nl]Mini-camping Nieuw Arendsrust Vrouwenpolder (Walcheren)[:]\" \/>\n<meta property=\"og:description\" content=\"{:nl}Op zoek naar een rustige, groene en ruime camping op Walcheren? Kom naar Nieuw Arendsrust! Gelegen in Zeeland vlakbij het Veerse Meer{:}\" \/>\n<meta property=\"og:url\" content=\"https:\/\/www.nieuwarendsrust.nl\/vrouwenpolder\/\" \/>\n<meta property=\"og:site_name\" content=\"Nieuw Arendsrust\" \/>\n<meta property=\"article:publisher\" content=\"https:\/\/www.facebook.com\/minicampingNieuwArendsrust\" \/>\n<meta property=\"article:modified_time\" content=\"2025-12-07T09:49:30+00:00\" \/>\n<meta property=\"og:image\" content=\"https:\/\/www.nieuwarendsrust.nl\/wp-content\/uploads\/2023\/10\/sticker-85-x-54.jpg\" \/>\n\t<meta property=\"og:image:width\" content=\"502\" \/>\n\t<meta property=\"og:image:height\" content=\"325\" \/>\n\t<meta property=\"og:image:type\" content=\"image\/jpeg\" \/>\n<meta name=\"twitter:card\" content=\"summary_large_image\" \/>\n<meta name=\"twitter:label1\" content=\"Gesch\u00e4tzte Lesezeit\" \/>\n\t<meta name=\"twitter:data1\" content=\"14\u00a0Minuten\" \/>\n<!-- \/ Yoast SEO plugin. -->","yoast_head_json":{"title":"(Nederlands) Mini-camping Nieuw Arendsrust Vrouwenpolder (Walcheren)","description":"(Nederlands) Op zoek naar een rustige, groene en ruime camping op Walcheren? Kom naar Nieuw Arendsrust! Gelegen in Zeeland vlakbij het Veerse Meer","robots":{"index":"index","follow":"follow","max-snippet":"max-snippet:-1","max-image-preview":"max-image-preview:large","max-video-preview":"max-video-preview:-1"},"canonical":"https:\/\/www.nieuwarendsrust.nl\/vrouwenpolder\/","og_locale":"de_DE","og_type":"article","og_title":"[:nl]Mini-camping Nieuw Arendsrust Vrouwenpolder (Walcheren)[:]","og_description":"{:nl}Op zoek naar een rustige, groene en ruime camping op Walcheren? Kom naar Nieuw Arendsrust! Gelegen in Zeeland vlakbij het Veerse Meer{:}","og_url":"https:\/\/www.nieuwarendsrust.nl\/vrouwenpolder\/","og_site_name":"Nieuw Arendsrust","article_publisher":"https:\/\/www.facebook.com\/minicampingNieuwArendsrust","article_modified_time":"2025-12-07T09:49:30+00:00","og_image":[{"width":502,"height":325,"url":"https:\/\/www.nieuwarendsrust.nl\/wp-content\/uploads\/2023\/10\/sticker-85-x-54.jpg","type":"image\/jpeg"}],"twitter_card":"summary_large_image","twitter_misc":{"Gesch\u00e4tzte Lesezeit":"14\u00a0Minuten"},"schema":{"@context":"https:\/\/schema.org","@graph":[{"@type":"WebPage","@id":"https:\/\/www.nieuwarendsrust.nl\/vrouwenpolder\/","url":"https:\/\/www.nieuwarendsrust.nl\/vrouwenpolder\/","name":"[:nl]Mini-camping Nieuw Arendsrust Vrouwenpolder (Walcheren)[:]","isPartOf":{"@id":"https:\/\/www.nieuwarendsrust.nl\/#website"},"primaryImageOfPage":{"@id":"https:\/\/www.nieuwarendsrust.nl\/vrouwenpolder\/#primaryimage"},"image":{"@id":"https:\/\/www.nieuwarendsrust.nl\/vrouwenpolder\/#primaryimage"},"thumbnailUrl":"https:\/\/www.nieuwarendsrust.nl\/wp-content\/uploads\/2023\/10\/sticker-85-x-54-300x194.jpg","datePublished":"2016-05-10T09:52:01+00:00","dateModified":"2025-12-07T09:49:30+00:00","description":"{:nl}Op zoek naar een rustige, groene en ruime camping op Walcheren? Kom naar Nieuw Arendsrust! Gelegen in Zeeland vlakbij het Veerse Meer{:}","breadcrumb":{"@id":"https:\/\/www.nieuwarendsrust.nl\/vrouwenpolder\/#breadcrumb"},"inLanguage":"de","potentialAction":[{"@type":"ReadAction","target":["https:\/\/www.nieuwarendsrust.nl\/vrouwenpolder\/"]}]},{"@type":"ImageObject","inLanguage":"de","@id":"https:\/\/www.nieuwarendsrust.nl\/vrouwenpolder\/#primaryimage","url":"https:\/\/www.nieuwarendsrust.nl\/wp-content\/uploads\/2023\/10\/sticker-85-x-54-300x194.jpg","contentUrl":"https:\/\/www.nieuwarendsrust.nl\/wp-content\/uploads\/2023\/10\/sticker-85-x-54-300x194.jpg"},{"@type":"BreadcrumbList","@id":"https:\/\/www.nieuwarendsrust.nl\/vrouwenpolder\/#breadcrumb","itemListElement":[{"@type":"ListItem","position":1,"name":"Home","item":"https:\/\/www.nieuwarendsrust.nl\/"},{"@type":"ListItem","position":2,"name":"Nieuw Arendsrust op 14"}]},{"@type":"WebSite","@id":"https:\/\/www.nieuwarendsrust.nl\/#website","url":"https:\/\/www.nieuwarendsrust.nl\/","name":"Nieuw Arendsrust","description":"Mini-Camping &amp; Klussenbedrijf in Vrouwenpolder!","potentialAction":[{"@type":"SearchAction","target":{"@type":"EntryPoint","urlTemplate":"https:\/\/www.nieuwarendsrust.nl\/?s={search_term_string}"},"query-input":{"@type":"PropertyValueSpecification","valueRequired":true,"valueName":"search_term_string"}}],"inLanguage":"de"}]}},"_links":{"self":[{"href":"https:\/\/www.nieuwarendsrust.nl\/de\/wp-json\/wp\/v2\/pages\/36","targetHints":{"allow":["GET"]}}],"collection":[{"href":"https:\/\/www.nieuwarendsrust.nl\/de\/wp-json\/wp\/v2\/pages"}],"about":[{"href":"https:\/\/www.nieuwarendsrust.nl\/de\/wp-json\/wp\/v2\/types\/page"}],"author":[{"embeddable":true,"href":"https:\/\/www.nieuwarendsrust.nl\/de\/wp-json\/wp\/v2\/users\/1"}],"replies":[{"embeddable":true,"href":"https:\/\/www.nieuwarendsrust.nl\/de\/wp-json\/wp\/v2\/comments?post=36"}],"version-history":[{"count":7,"href":"https:\/\/www.nieuwarendsrust.nl\/de\/wp-json\/wp\/v2\/pages\/36\/revisions"}],"predecessor-version":[{"id":3748,"href":"https:\/\/www.nieuwarendsrust.nl\/de\/wp-json\/wp\/v2\/pages\/36\/revisions\/3748"}],"wp:attachment":[{"href":"https:\/\/www.nieuwarendsrust.nl\/de\/wp-json\/wp\/v2\/media?parent=36"}],"curies":[{"name":"wp","href":"https:\/\/api.w.org\/{rel}","templated":true}]}}